{"id":37,"date":"2016-02-16T08:35:52","date_gmt":"2016-02-16T08:35:52","guid":{"rendered":"http:\/\/ipagdansk.pl\/?page_id=37"},"modified":"2022-04-28T20:39:02","modified_gmt":"2022-04-28T20:39:02","slug":"dokumenty","status":"publish","type":"page","link":"https:\/\/ipagdansk.pl\/?page_id=37","title":{"rendered":"Dokumenty"},"content":{"rendered":"<p>Link do strony <a href=\"https:\/\/ipapolska.pl\/dokumenty\/\">ipapolska.pl\/dokumenty<\/a><\/p>\n<p>&nbsp;<\/p>\n<hr \/>\n<p><a href=\"\/wp-content\/uploads\/do-pobrania\/IPA-decyzja-2015.pdf\" target=\"_blank\" rel=\"noopener\">Decyzja nr 116 <\/a>Komendanta G\u0142\u00f3wnego Stra\u017cy Granicznej z dnia 1 lipca 2015 roku. zmieniaj\u0105ca decyzj\u0119 w sprawie zezwolenia funkcjonariuszom Stra\u017cy Granicznej na przynale\u017cno\u015b\u0107 do International Police Association &#8211; Mi\u0119dzynarodowego Stowarzyszenia Policji<\/p>\n<hr \/>\n<p>&nbsp;<\/p>\n<p>&nbsp;<\/p>\n<p>&nbsp;<\/p>\n<p>&nbsp;<\/p>\n","protected":false},"excerpt":{"rendered":"<p>Link do strony ipapolska.pl\/dokumenty &nbsp; Decyzja nr 116 Komendanta G\u0142\u00f3wnego Stra\u017cy Granicznej z dnia 1 lipca 2015 roku. zmieniaj\u0105ca decyzj\u0119 w sprawie zezwolenia funkcjonariuszom Stra\u017cy Granicznej na przynale\u017cno\u015b\u0107 do International Police Association &#8211; Mi\u0119dzynarodowego Stowarzyszenia Policji &nbsp; &nbsp; &nbsp; &nbsp;<\/p>\n","protected":false},"author":1,"featured_media":0,"parent":0,"menu_order":0,"comment_status":"closed","ping_status":"closed","template":"","meta":{"footnotes":""},"class_list":["post-37","page","type-page","status-publish","hentry"],"_links":{"self":[{"href":"https:\/\/ipagdansk.pl\/index.php?rest_route=\/wp\/v2\/pages\/37"}],"collection":[{"href":"https:\/\/ipagdansk.pl\/index.php?rest_route=\/wp\/v2\/pages"}],"about":[{"href":"https:\/\/ipagdansk.pl\/index.php?rest_route=\/wp\/v2\/types\/page"}],"author":[{"embeddable":true,"href":"https:\/\/ipagdansk.pl\/index.php?rest_route=\/wp\/v2\/users\/1"}],"replies":[{"embeddable":true,"href":"https:\/\/ipagdansk.pl\/index.php?rest_route=%2Fwp%2Fv2%2Fcomments&post=37"}],"version-history":[{"count":15,"href":"https:\/\/ipagdansk.pl\/index.php?rest_route=\/wp\/v2\/pages\/37\/revisions"}],"predecessor-version":[{"id":169,"href":"https:\/\/ipagdansk.pl\/index.php?rest_route=\/wp\/v2\/pages\/37\/revisions\/169"}],"wp:attachment":[{"href":"https:\/\/ipagdansk.pl\/index.php?rest_route=%2Fwp%2Fv2%2Fmedia&parent=37"}],"curies":[{"name":"wp","href":"https:\/\/api.w.org\/{rel}","templated":true}]}}