{"id":21,"date":"2016-01-29T21:20:30","date_gmt":"2016-01-29T21:20:30","guid":{"rendered":"http:\/\/ipagdansk.pl\/?page_id=21"},"modified":"2023-06-01T09:52:32","modified_gmt":"2023-06-01T09:52:32","slug":"struktura","status":"publish","type":"page","link":"https:\/\/ipagdansk.pl\/?page_id=21","title":{"rendered":"Struktura"},"content":{"rendered":"<p>Prezydium Regionu IPA SG Gda\u0144sk<\/p>\n<p>Przewodnicz\u0105cy Regionu: Robert Zientarski<\/p>\n<p>Sekretarz: Dariusz Formela<br \/>\nZast\u0119pca Sekretarza: Barbara Wojciechowska-Brzezi\u0144ska<br \/>\nSkarbnik: Wojciech Mickiewicz<br \/>\nCz\u0142onek Prezydium: Piotr Jassak<\/p>\n<p>&nbsp;<\/p>\n<p>Komisja Rewizyjna Regionu IPA SG Gda\u0144sk<\/p>\n<p>Przewodnicz\u0105cy: Wojciech Nowakowski<\/p>\n<p>Cz\u0142onek komisji: J\u00f3zef Borowik<br \/>\nCz\u0142onek komisji: Artur Stanis\u0142awowicz<\/p>\n","protected":false},"excerpt":{"rendered":"<p>Prezydium Regionu IPA SG Gda\u0144sk Przewodnicz\u0105cy Regionu: Robert Zientarski Sekretarz: Dariusz Formela Zast\u0119pca Sekretarza: Barbara Wojciechowska-Brzezi\u0144ska Skarbnik: Wojciech Mickiewicz Cz\u0142onek Prezydium: Piotr Jassak &nbsp; Komisja Rewizyjna Regionu IPA SG Gda\u0144sk Przewodnicz\u0105cy: Wojciech Nowakowski Cz\u0142onek komisji: J\u00f3zef Borowik Cz\u0142onek komisji: Artur Stanis\u0142awowicz<\/p>\n","protected":false},"author":1,"featured_media":0,"parent":0,"menu_order":3,"comment_status":"closed","ping_status":"closed","template":"","meta":{"footnotes":""},"class_list":["post-21","page","type-page","status-publish","hentry"],"_links":{"self":[{"href":"https:\/\/ipagdansk.pl\/index.php?rest_route=\/wp\/v2\/pages\/21"}],"collection":[{"href":"https:\/\/ipagdansk.pl\/index.php?rest_route=\/wp\/v2\/pages"}],"about":[{"href":"https:\/\/ipagdansk.pl\/index.php?rest_route=\/wp\/v2\/types\/page"}],"author":[{"embeddable":true,"href":"https:\/\/ipagdansk.pl\/index.php?rest_route=\/wp\/v2\/users\/1"}],"replies":[{"embeddable":true,"href":"https:\/\/ipagdansk.pl\/index.php?rest_route=%2Fwp%2Fv2%2Fcomments&post=21"}],"version-history":[{"count":5,"href":"https:\/\/ipagdansk.pl\/index.php?rest_route=\/wp\/v2\/pages\/21\/revisions"}],"predecessor-version":[{"id":196,"href":"https:\/\/ipagdansk.pl\/index.php?rest_route=\/wp\/v2\/pages\/21\/revisions\/196"}],"wp:attachment":[{"href":"https:\/\/ipagdansk.pl\/index.php?rest_route=%2Fwp%2Fv2%2Fmedia&parent=21"}],"curies":[{"name":"wp","href":"https:\/\/api.w.org\/{rel}","templated":true}]}}