{"id":2,"date":"2016-01-11T05:45:50","date_gmt":"2016-01-11T05:45:50","guid":{"rendered":"http:\/\/ipagdansk.pl\/?page_id=2"},"modified":"2022-12-12T10:41:03","modified_gmt":"2022-12-12T10:41:03","slug":"sample-page","status":"publish","type":"page","link":"https:\/\/ipagdansk.pl\/?page_id=2","title":{"rendered":"Kontakt"},"content":{"rendered":"<p>REGION INTERNATIONAL POLICE ASSOCIATION<br \/>\nSTRA\u017b GRANICZNA GDA\u0143SK<\/p>\n<p>REGON: 363548018<br \/>\nNIP: 9571083142<br \/>\nNumer KRS: 0000595839<\/p>\n<p>&nbsp;<\/p>\n<p>POLSKA,<br \/>\nwoj. pomorskie<\/p>\n<p>Adres do korespondencji:<br \/>\n80-563 GDA\u0143SK<br \/>\nul. Oliwska 35<\/p>\n<p>e-mail: info@ipagdansk.pl<\/p>\n<p>&nbsp;<\/p>\n<p>Przewodnicz\u0105cy Regionu IPA SG Gda\u0144sk<br \/>\nRobert Zientarski<\/p>\n<p><iframe loading=\"lazy\" style=\"border: 0;\" src=\"https:\/\/www.google.com\/maps\/embed?pb=!1m0!3m2!1spl!2spl!4v1454099255984!6m8!1m7!1sgsJaHSgfSFFgl7kS6jmPrA!2m2!1d54.40443813965079!2d18.65998819771841!3f235.06553299658762!4f-13.359538557982162!5f0.7820865974627469\" width=\"600\" height=\"450\" frameborder=\"0\" allowfullscreen=\"allowfullscreen\"><\/iframe><\/p>\n","protected":false},"excerpt":{"rendered":"<p>REGION INTERNATIONAL POLICE ASSOCIATION STRA\u017b GRANICZNA GDA\u0143SK REGON: 363548018 NIP: 9571083142 Numer KRS: 0000595839 &nbsp; POLSKA, woj. pomorskie Adres do korespondencji: 80-563 GDA\u0143SK ul. Oliwska 35 e-mail: info@ipagdansk.pl &nbsp; Przewodnicz\u0105cy Regionu IPA SG Gda\u0144sk Robert Zientarski<\/p>\n","protected":false},"author":1,"featured_media":0,"parent":0,"menu_order":4,"comment_status":"closed","ping_status":"open","template":"","meta":{"footnotes":""},"class_list":["post-2","page","type-page","status-publish","hentry"],"_links":{"self":[{"href":"https:\/\/ipagdansk.pl\/index.php?rest_route=\/wp\/v2\/pages\/2"}],"collection":[{"href":"https:\/\/ipagdansk.pl\/index.php?rest_route=\/wp\/v2\/pages"}],"about":[{"href":"https:\/\/ipagdansk.pl\/index.php?rest_route=\/wp\/v2\/types\/page"}],"author":[{"embeddable":true,"href":"https:\/\/ipagdansk.pl\/index.php?rest_route=\/wp\/v2\/users\/1"}],"replies":[{"embeddable":true,"href":"https:\/\/ipagdansk.pl\/index.php?rest_route=%2Fwp%2Fv2%2Fcomments&post=2"}],"version-history":[{"count":10,"href":"https:\/\/ipagdansk.pl\/index.php?rest_route=\/wp\/v2\/pages\/2\/revisions"}],"predecessor-version":[{"id":174,"href":"https:\/\/ipagdansk.pl\/index.php?rest_route=\/wp\/v2\/pages\/2\/revisions\/174"}],"wp:attachment":[{"href":"https:\/\/ipagdansk.pl\/index.php?rest_route=%2Fwp%2Fv2%2Fmedia&parent=2"}],"curies":[{"name":"wp","href":"https:\/\/api.w.org\/{rel}","templated":true}]}}